{"id":70,"date":"2011-11-21T18:23:19","date_gmt":"2011-11-21T18:23:19","guid":{"rendered":"http:\/\/www.schreinerei-fegg.de\/wordpress\/?page_id=70"},"modified":"2022-10-25T15:03:23","modified_gmt":"2022-10-25T15:03:23","slug":"firma","status":"publish","type":"page","link":"http:\/\/www.schreinerei-fegg.de\/","title":{"rendered":"Firma"},"content":{"rendered":"<h1>Hochwertige Schreinerarbeiten seit 1984<\/h1>\n<p>Wir fertigen qualitativ hochwertige Einrichtung &#8211; von der ausf\u00fchrlichen Beratung \u00fcber die umfassende Planung und Raumgestaltung. Durch unsere moderne CNC-Technik sind uns nahezu alle Bearbeitungsm\u00f6glichkeiten gegeben.<\/p>\n<p><a href=\"http:\/\/www.schreinerei-fegg.de\/wp-content\/uploads\/2011\/11\/corian_network1.jpg\" rel=\"lightbox[70]\"><img decoding=\"async\" loading=\"lazy\" class=\"alignleft size-full wp-image-79\" title=\"corian_network\" src=\"http:\/\/www.schreinerei-fegg.de\/wp-content\/uploads\/2011\/11\/corian_network1.jpg\" alt=\"Logo Corian Nework\" width=\"100\" height=\"50\"><\/a><\/p>\n<p>Als offizieller Quality Network-Partner des Herstellers DuPont verarbeiten wir auch den Mineralwerkstoff Corian\u00ae. Dieses traumhafte Oberfl\u00e4chenmaterial bietet nahezu unendliche Designm\u00f6glichkeiten und besticht u.a. durch extreme Langlebigkeit und Pflegeleichtigkeit.<\/p>\n<p><strong>Schreinerei Fegg \u2013 individuelle L\u00f6sungen f\u00fcr den kompletten Innenausbau.<\/strong><\/p>\n","protected":false},"excerpt":{"rendered":"<p>Hochwertige Schreinerarbeiten seit 1984 Wir fertigen qualitativ hochwertige Einrichtung &#8211; von der ausf\u00fchrlichen Beratung \u00fcber die umfassende Planung und Raumgestaltung. Durch unsere moderne CNC-Technik sind uns nahezu alle Bearbeitungsm\u00f6glichkeiten gegeben. Als offizieller Quality Network-Partner des Herstellers DuPont verarbeiten wir auch &hellip; <a href=\"http:\/\/www.schreinerei-fegg.de\/\">Weiterlesen <span class=\"meta-nav\">&rarr;<\/span><\/a><\/p>\n","protected":false},"author":1,"featured_media":0,"parent":0,"menu_order":0,"comment_status":"closed","ping_status":"open","template":"","meta":{"ngg_post_thumbnail":0},"_links":{"self":[{"href":"http:\/\/www.schreinerei-fegg.de\/index.php?rest_route=\/wp\/v2\/pages\/70"}],"collection":[{"href":"http:\/\/www.schreinerei-fegg.de\/index.php?rest_route=\/wp\/v2\/pages"}],"about":[{"href":"http:\/\/www.schreinerei-fegg.de\/index.php?rest_route=\/wp\/v2\/types\/page"}],"author":[{"embeddable":true,"href":"http:\/\/www.schreinerei-fegg.de\/index.php?rest_route=\/wp\/v2\/users\/1"}],"replies":[{"embeddable":true,"href":"http:\/\/www.schreinerei-fegg.de\/index.php?rest_route=%2Fwp%2Fv2%2Fcomments&post=70"}],"version-history":[{"count":15,"href":"http:\/\/www.schreinerei-fegg.de\/index.php?rest_route=\/wp\/v2\/pages\/70\/revisions"}],"predecessor-version":[{"id":183,"href":"http:\/\/www.schreinerei-fegg.de\/index.php?rest_route=\/wp\/v2\/pages\/70\/revisions\/183"}],"wp:attachment":[{"href":"http:\/\/www.schreinerei-fegg.de\/index.php?rest_route=%2Fwp%2Fv2%2Fmedia&parent=70"}],"curies":[{"name":"wp","href":"https:\/\/api.w.org\/{rel}","templated":true}]}}